{"id":9379,"date":"2015-04-03T20:24:51","date_gmt":"2015-04-03T20:24:51","guid":{"rendered":"https:\/\/legalhighs.guru\/haupt\/"},"modified":"2022-11-20T13:16:12","modified_gmt":"2022-11-20T13:16:12","slug":"haupt","status":"publish","type":"page","link":"https:\/\/legalhighs.guru\/de\/","title":{"rendered":"Legal Highs Guru &#8211; Legal Highs Erfahrungen, Kr\u00e4utermischung Erfahrungen"},"content":{"rendered":"\n<p><strong>Aktuelle Legal Highs Nachrichten und Bewertungen<\/strong><\/p>\n<ul class=\"wp-block-latest-posts__list wp-block-latest-posts\"><li><a class=\"wp-block-latest-posts__post-title\" href=\"https:\/\/legalhighs.guru\/de\/1b-lsd-review\/\">1B-LSD-Erfahrung<\/a><div class=\"wp-block-latest-posts__post-excerpt\">Ich habe diese Reise mit einiger Erfahrung begonnen, aber ich habe schnell gelernt, dass keineErfahrung dich auf jede einzelne Reise vorbereiten kann. Sie sind immer so vielf\u00e4ltig; ich wei\u00df nichtob ich jemals genau das Gleiche zweimal erlebt habe.F\u00fcr mich ist es immer so, als w\u00fcrde ich mich auf eine lebendige und super intensive Reise begeben,&#8230; <div class=\"clear\"><\/div><a href=\"https:\/\/legalhighs.guru\/de\/1b-lsd-review\/\" class=\"gdlr-button with-border excerpt-read-more\">Read More<\/a><\/div><\/li>\n<li><a class=\"wp-block-latest-posts__post-title\" href=\"https:\/\/legalhighs.guru\/de\/bromazolam\/\">Bromazolam<\/a><div class=\"wp-block-latest-posts__post-excerpt\">Ich habe eines Tages 5 mg genommen. Ich wei\u00df nicht mehr, woher ich sie hatte, aber ich hatte sie in einemund dachte mir, dass ich das auch tun k\u00f6nnte. Das erste, was ich bemerkte, war dieses Gef\u00fchl von W\u00e4rmedie sich \u00fcber meine Arme und Beine ausbreiten. Ich habe mir eine weiche Decke besorgt und mich&#8230; <div class=\"clear\"><\/div><a href=\"https:\/\/legalhighs.guru\/de\/bromazolam\/\" class=\"gdlr-button with-border excerpt-read-more\">Read More<\/a><\/div><\/li>\n<li><a class=\"wp-block-latest-posts__post-title\" href=\"https:\/\/legalhighs.guru\/de\/mxipr-review\/\">MXIPR Erfahrungen<\/a><div class=\"wp-block-latest-posts__post-excerpt\">Kurz vor dem Schlafengehen (um f\u00fcnf Uhr morgens) habe ich mir einen Sto\u00df versetzt und bin tats\u00e4chlichschlief fast sofort ein und wachte eine Stunde sp\u00e4ter inmitten eines sehr seltsamen Rausches auf.W\u00fcrde ich nicht empfehlen.Wie auch immer, ich wache auf und f\u00fchle mich sofort sehr energiegeladen und gleichzeitig sehreingeschlossen. Es war wirklich so, dass ich in&#8230; <div class=\"clear\"><\/div><a href=\"https:\/\/legalhighs.guru\/de\/mxipr-review\/\" class=\"gdlr-button with-border excerpt-read-more\">Read More<\/a><\/div><\/li>\n<li><a class=\"wp-block-latest-posts__post-title\" href=\"https:\/\/legalhighs.guru\/de\/3-ho-pce-review\/\">3-HO-PCE Erfahrung<\/a><div class=\"wp-block-latest-posts__post-excerpt\">Ich habe das schon ein paar Mal gemacht, aber dieses Mal habe ich es mit einer etwas niedrigeren Dosis versuchtDenn beim letzten Mal waren die Auswirkungen der Sedierung absolut unangenehm gewesen. Zum Beispiel, umden Punkt, an dem ich mich \u00e4rgerte, dass ich keine Lust hatte, mich zu bewegen, weil es sich anf\u00fchlte, als m\u00fcsste ichDinge&#8230; <div class=\"clear\"><\/div><a href=\"https:\/\/legalhighs.guru\/de\/3-ho-pce-review\/\" class=\"gdlr-button with-border excerpt-read-more\">Read More<\/a><\/div><\/li>\n<li><a class=\"wp-block-latest-posts__post-title\" href=\"https:\/\/legalhighs.guru\/de\/2-mmc-erlebnis-reise-bericht\/\">2-MMC Erfahrung Reisebericht<\/a><div class=\"wp-block-latest-posts__post-excerpt\">Fasziniert von seinem Ruf, ein neues psychoaktives Medikament zu sein, begann ich eine Untersuchung mit 2-MMC, auch 2-Methylmethcathinon genannt. Im Folgenden berichte ich \u00fcber meine Erfahrungen und gehe dabei besonders auf den Prozess, die Techniken und die Ergebnisse ein. Die Prozesse, die hier erw\u00e4hnt werden, sind meine Praxis, die f\u00fcr andere vielleicht nicht die gleichen&#8230; <div class=\"clear\"><\/div><a href=\"https:\/\/legalhighs.guru\/de\/2-mmc-erlebnis-reise-bericht\/\" class=\"gdlr-button with-border excerpt-read-more\">Read More<\/a><\/div><\/li>\n<\/ul><\/p>\n<p>Legal Highs Guru ist eine One-Stop-Community, die sich auf akkurate, faire und zeitnahe Nachrichten, Erfahrungen und relevante Artikel rund um die Drogenkultur und -industrie konzentriert.<\/p>\n<p>Legal Highs (Neue psychoaktive Substanzen), die dieselben oder \u00e4hnliche Wirkungen wie illegale Drogen haben, die derzeit nicht unter das Gesetz \u00fcber den Missbrauch von Drogen fallen, sind ein wichtiges Thema, das jedoch durch Fehlinformationen verschlimmert wird und zu Krankenhausaufenthalten, Krampfanf\u00e4llen und sogar zum Tod f\u00fchrt.<\/p>\n<p>Deshalb haben wir die LHG konzipiert, entwickelt und gegr\u00fcndet, mit dem Hauptziel, die erste Anlaufstelle f\u00fcr Menschen zu werden, die auf der Suche nach Informationen zu Drogen und verwandten Themen sind.<\/p>\n<p>Auf dieser Website finden Sie die neuesten Nachrichten und Artikel \u00fcber Drogenkultur, Regierungspolitik, Drogentrends, Leitf\u00e4den und relevante Ereignisse in der Drogenbranche. Von Zeit zu Zeit berichten wir auch \u00fcber spezifische Erfahrungen oder Reiseberichte \u00fcber Forschungschemikalien und Kr\u00e4utermischungen, nicht um sie zu bef\u00fcrworten, sondern um die Menschen \u00fcber den Drogenkonsum und seine Folgen und Auswirkungen aufzukl\u00e4ren, unter anderem.<\/p>\n<p>Wir laden jeden ein, seine eigene Drogenerfahrung mitzuteilen, indem er einen Bericht \u00fcber eine bestimmte Substanz einreicht, sei es eine <a title=\"\" class=\"aalmanual\" target=\"_blank\"   style=\"color:#0c00fc;\" href=\"https:\/\/www.expresshighs.com\/de\/shop-fur-forschungschemikalien\">Forschungschemikalie<\/a> oder <a title=\"\" class=\"aalmanual\" target=\"_blank\"   style=\"color:#0c00fc;\" href=\"https:\/\/www.expresshighs.com\/de\/legal-highs-shop-deutschland\/krautermischungen\">kr\u00e4utermischung<\/a>.<\/p>\n<p>Legal Highs Guru empfiehlt keine Drogen, aber wir konzentrieren uns nur auf die Fakten, die Sie zur Information und Sicherheit wissen m\u00fcssen.<\/p>\n<p><strong>Haftungsausschluss<\/strong><\/p>\n<p>Trip-report und Rezensionen \u00fcber Forschungschemikalien und Kr\u00e4uterr\u00e4ucher spiegeln weder die Ansichten\/Meinungen der Administratoren und Eigent\u00fcmer der Website wider, noch geben sie einen medizinischen Rat, sondern ver\u00f6ffentlichen die ganz eigenen Erfahrungen eines bestimmten Rezensenten zur Information anderer.<\/p>\n<p>Dosierung, sollte nicht als empfohlene Dosierung genommen werden, weil keine zwei Personen die gleiche Toleranz auf Drogen haben. Daher kann die Menge, die f\u00fcr den einen sicher ist, f\u00fcr den anderen t\u00f6dlich sein.<\/p>\n<p>\u00dcben Sie in jedem Fall ein faires Urteilsverm\u00f6gen aus und entscheiden Sie nach eigenem Ermessen \u00fcber den Einsatz von Drogen. Alles geschieht auf eigene Gefahr. Seien Sie sich immer der Konsequenzen bewusst.<\/p>\n<p>Wenn Sie Bedenken, Fragen oder Anregungen haben, k\u00f6nnen Sie sich gerne an uns wenden oder sich anmelden, um Informationen \u00fcber die neuesten Nachrichten und Aktionen zu erhalten.<\/p>\n","protected":false},"excerpt":{"rendered":"<p>Aktuelle Legal Highs Nachrichten und Bewertungen Legal Highs Guru ist eine One-Stop-Community, die sich auf akkurate, faire und zeitnahe Nachrichten, Erfahrungen und relevante Artikel rund um die Drogenkultur und -industrie konzentriert. Legal Highs (Neue psychoaktive Substanzen), die dieselben oder \u00e4hnliche Wirkungen wie illegale Drogen haben, die derzeit nicht unter das Gesetz \u00fcber den Missbrauch von&#8230; <\/p>\n<div class=\"clear\"><\/div>\n<p><a href=\"https:\/\/legalhighs.guru\/de\/\" class=\"gdlr-button with-border excerpt-read-more\">Read More<\/a><\/p>\n","protected":false},"author":1,"featured_media":0,"parent":0,"menu_order":0,"comment_status":"open","ping_status":"open","template":"","meta":{"footnotes":""},"_links":{"self":[{"href":"https:\/\/legalhighs.guru\/de\/wp-json\/wp\/v2\/pages\/9379"}],"collection":[{"href":"https:\/\/legalhighs.guru\/de\/wp-json\/wp\/v2\/pages"}],"about":[{"href":"https:\/\/legalhighs.guru\/de\/wp-json\/wp\/v2\/types\/page"}],"author":[{"embeddable":true,"href":"https:\/\/legalhighs.guru\/de\/wp-json\/wp\/v2\/users\/1"}],"replies":[{"embeddable":true,"href":"https:\/\/legalhighs.guru\/de\/wp-json\/wp\/v2\/comments?post=9379"}],"version-history":[{"count":5,"href":"https:\/\/legalhighs.guru\/de\/wp-json\/wp\/v2\/pages\/9379\/revisions"}],"predecessor-version":[{"id":10407,"href":"https:\/\/legalhighs.guru\/de\/wp-json\/wp\/v2\/pages\/9379\/revisions\/10407"}],"wp:attachment":[{"href":"https:\/\/legalhighs.guru\/de\/wp-json\/wp\/v2\/media?parent=9379"}],"curies":[{"name":"wp","href":"https:\/\/api.w.org\/{rel}","templated":true}]}}