{"id":6220,"date":"2015-04-03T20:24:51","date_gmt":"2015-04-03T20:24:51","guid":{"rendered":"https:\/\/legalhighs.guru\/legal-highs-guru-resenas-de-legal-highs-resenas-de-incienso-herbal\/"},"modified":"2022-11-20T13:12:02","modified_gmt":"2022-11-20T13:12:02","slug":"principal","status":"publish","type":"page","link":"https:\/\/legalhighs.guru\/es\/","title":{"rendered":"Legal Highs Guru &#8211; Rese\u00f1as de Drogas Legales, Rese\u00f1as de Incienso Herbal"},"content":{"rendered":"\n<p><strong>Noticias y rese\u00f1as recientes de <a title=\"\" class=\"aalmanual\" target=\"_blank\"   style=\"color:#0c00fc;\" href=\"https:\/\/www.expresshighs.com\/es\/\">Drogas Legales<\/a><\/strong><\/p>\n<ul class=\"wp-block-latest-posts__list wp-block-latest-posts\"><li><a class=\"wp-block-latest-posts__post-title\" href=\"https:\/\/legalhighs.guru\/es\/1b-lsd-revision\/\">Revisi\u00f3n del 1B-LSD<\/a><div class=\"wp-block-latest-posts__post-excerpt\">Empec\u00e9 este viaje con bastante experiencia, pero aprend\u00ed muy pronto que ninguna experienciapuede prepararte para un viaje concreto. Siempre son tan variados; nos\u00e9 si alguna vez he experimentado exactamente lo mismo dos veces.Para m\u00ed siempre es como embarcarme en un viaje v\u00edvido y superintenso quetrasciende mi percepci\u00f3n ordinaria de forma muy violenta. Entr\u00e9 en la&#8230; <div class=\"clear\"><\/div><a href=\"https:\/\/legalhighs.guru\/es\/1b-lsd-revision\/\" class=\"gdlr-button with-border excerpt-read-more\">Read More<\/a><\/div><\/li>\n<li><a class=\"wp-block-latest-posts__post-title\" href=\"https:\/\/legalhighs.guru\/es\/bromazolam\/\">Bromazolam<\/a><div class=\"wp-block-latest-posts__post-excerpt\">Tom\u00e9 5 mg un d\u00eda, no recuerdo de d\u00f3nde lo saqu\u00e9 pero ten\u00eda un poco en unbolsa y pens\u00e9 que tambi\u00e9n podr\u00eda hacerlo. Lo primero que not\u00e9 fue esa sensaci\u00f3n de calorextendi\u00e9ndose a lo largo de mis brazos y piernas. Me hice con una manta suave y me tumb\u00e9 en la cama con ella,dej\u00e1ndome llevar.Me&#8230; <div class=\"clear\"><\/div><a href=\"https:\/\/legalhighs.guru\/es\/bromazolam\/\" class=\"gdlr-button with-border excerpt-read-more\">Read More<\/a><\/div><\/li>\n<li><a class=\"wp-block-latest-posts__post-title\" href=\"https:\/\/legalhighs.guru\/es\/mxipr-review\/\">Revisi\u00f3n del MXIPR<\/a><div class=\"wp-block-latest-posts__post-excerpt\">Me di un golpe justo antes de irme a dormir (a las cinco de la ma\u00f1ana), y de hecho me ca\u00eddormido casi inmediatamente despu\u00e9s, despert\u00e1ndose una hora m\u00e1s tarde en medio de un subid\u00f3n muy extra\u00f1o.No lo recomendar\u00eda.De todos modos, me despierto e inmediatamente me siento con mucha energ\u00eda y a la vez muyencerrado. Fue&#8230; <div class=\"clear\"><\/div><a href=\"https:\/\/legalhighs.guru\/es\/mxipr-review\/\" class=\"gdlr-button with-border excerpt-read-more\">Read More<\/a><\/div><\/li>\n<li><a class=\"wp-block-latest-posts__post-title\" href=\"https:\/\/legalhighs.guru\/es\/3-ho-pce-review\/\">Revisi\u00f3n del 3-HO-PCE<\/a><div class=\"wp-block-latest-posts__post-excerpt\">He hecho esto antes un par de veces, pero prob\u00e9 con una dosis un poco m\u00e1s baja estaporque la \u00faltima vez los efectos de la sedaci\u00f3n hab\u00edan sido absolutamente odiosos. Comoel punto en que me molestaba no tener ganas de moverme, porque me parec\u00eda que ten\u00edacosas que hacer que no se hac\u00edan.De todos modos, me&#8230; <div class=\"clear\"><\/div><a href=\"https:\/\/legalhighs.guru\/es\/3-ho-pce-review\/\" class=\"gdlr-button with-border excerpt-read-more\">Read More<\/a><\/div><\/li>\n<li><a class=\"wp-block-latest-posts__post-title\" href=\"https:\/\/legalhighs.guru\/es\/2-mmc-experience-trip-report\/\">2-MMC experience trip report<\/a><div class=\"wp-block-latest-posts__post-excerpt\">Fascinado por su fama de ser un nuevo medicamento psicoactivo, emprend\u00ed una investigaci\u00f3n con la 2-MMC, tambi\u00e9n llamada 2-metilmetcatinona. Lo que sigue es un relato de mi experiencia, que aborda espec\u00edficamente el proceso, las t\u00e9cnicas y los resultados. Los procesos que se mencionan aqu\u00ed son mi pr\u00e1ctica que puede no ser la misma y causar&#8230; <div class=\"clear\"><\/div><a href=\"https:\/\/legalhighs.guru\/es\/2-mmc-experience-trip-report\/\" class=\"gdlr-button with-border excerpt-read-more\">Read More<\/a><\/div><\/li>\n<\/ul><\/p>\n<p>Legal Highs Guru es una comunidad de una sola parada con un enfoque en noticias precisas, justas y oportunas, revisiones y art\u00edculos relevantes que rodean la cultura y la industria de las drogas.<\/p>\n<p>Los euforizantes legales (nuevas sustancias psicoactivas), que producen efectos iguales o similares a los de las drogas il\u00edcitas que actualmente no est\u00e1n controladas por la Ley sobre el Uso Indebido de Drogas, es un tema importante pero sobre el que hay informaci\u00f3n err\u00f3nea, lo que empeora la situaci\u00f3n y provoca hospitalizaciones, convulsiones e incluso la muerte.<\/p>\n<p>As\u00ed que hemos conceptualizado, desarrollado y creado LHG con la misi\u00f3n principal de convertirnos en la fuente a la que acude la gente cuando busca informaci\u00f3n sobre drogas y otros temas relacionados.<\/p>\n<p>En este sitio web, encontrar\u00e1 las \u00faltimas noticias y art\u00edculos sobre la cultura de las drogas, las pol\u00edticas gubernamentales, las tendencias de las drogas, las gu\u00edas, los acontecimientos relevantes (a medida que se desarrollan) en la industria de las drogas. De vez en cuando, tambi\u00e9n presentamos experiencias espec\u00edficas o informes de viajes sobre <a title=\"\" class=\"aalmanual\" target=\"_blank\"   style=\"color:#0c00fc;\" href=\"https:\/\/www.expresshighs.com\/es\/tienda-de-productos-quimicos-de-investigacion\">productos qu\u00edmicos de investigaci\u00f3n<\/a> y mezclas de hierbas, no para respaldar sino para ilustrar a la gente sobre el uso de drogas y sus consecuencias y efectos, entre otros.<\/p>\n<p>Invitamos a todo el mundo a compartir su propia experiencia con las drogas enviando una rese\u00f1a sobre una sustancia espec\u00edfica, ya sea un producto qu\u00edmico de investigaci\u00f3n o un <a title=\"\" class=\"aalmanual\" target=\"_blank\"   style=\"color:#0c00fc;\" href=\"https:\/\/www.expresshighs.com\/es\/tienda-de-subidon-legal\/incienso-de-hierbas\">incienso de hierbas<\/a>.<\/p>\n<p>Legal Highs Guru no est\u00e1 recomendando drogas, pero nos centramos s\u00f3lo en los hechos que tienes que saber para la informaci\u00f3n y la seguridad.<\/p>\n<p><strong>Descargo de responsabilidad<\/strong><\/p>\n<p>Los informes de viaje y las rese\u00f1as sobre los productos qu\u00edmicos de investigaci\u00f3n y los inciensos de hierbas no reflejan los puntos de vista\/opiniones de los administradores y propietarios del sitio web ni dan un consejo m\u00e9dico, sino que publican la propia experiencia de un revisor espec\u00edfico para informaci\u00f3n de otros.<\/p>\n<p>La dosis, no debe tomarse como la recomendada porque no hay dos individuos que tengan la misma tolerancia a las drogas. Por lo tanto, la cantidad segura para uno puede ser mortal para otro.<\/p>\n<p>En todos los casos, practica un juicio justo y usa la discreci\u00f3n cuando decidas sobre las drogas. Todo es por su cuenta y riesgo. Ten siempre en cuenta las consecuencias.<\/p>\n<p>Para cualquier duda, pregunta o sugerencia, no dudes en ponerte en contacto con nosotros o inscribirte para recibir informaci\u00f3n sobre las \u00faltimas novedades y promociones.<\/p>\n","protected":false},"excerpt":{"rendered":"<p>Noticias y rese\u00f1as recientes de Drogas Legales Legal Highs Guru es una comunidad de una sola parada con un enfoque en noticias precisas, justas y oportunas, revisiones y art\u00edculos relevantes que rodean la cultura y la industria de las drogas. Los euforizantes legales (nuevas sustancias psicoactivas), que producen efectos iguales o similares a los de&#8230; <\/p>\n<div class=\"clear\"><\/div>\n<p><a href=\"https:\/\/legalhighs.guru\/es\/\" class=\"gdlr-button with-border excerpt-read-more\">Read More<\/a><\/p>\n","protected":false},"author":1,"featured_media":0,"parent":0,"menu_order":0,"comment_status":"open","ping_status":"open","template":"","meta":{"footnotes":""},"_links":{"self":[{"href":"https:\/\/legalhighs.guru\/es\/wp-json\/wp\/v2\/pages\/6220"}],"collection":[{"href":"https:\/\/legalhighs.guru\/es\/wp-json\/wp\/v2\/pages"}],"about":[{"href":"https:\/\/legalhighs.guru\/es\/wp-json\/wp\/v2\/types\/page"}],"author":[{"embeddable":true,"href":"https:\/\/legalhighs.guru\/es\/wp-json\/wp\/v2\/users\/1"}],"replies":[{"embeddable":true,"href":"https:\/\/legalhighs.guru\/es\/wp-json\/wp\/v2\/comments?post=6220"}],"version-history":[{"count":5,"href":"https:\/\/legalhighs.guru\/es\/wp-json\/wp\/v2\/pages\/6220\/revisions"}],"predecessor-version":[{"id":11395,"href":"https:\/\/legalhighs.guru\/es\/wp-json\/wp\/v2\/pages\/6220\/revisions\/11395"}],"wp:attachment":[{"href":"https:\/\/legalhighs.guru\/es\/wp-json\/wp\/v2\/media?parent=6220"}],"curies":[{"name":"wp","href":"https:\/\/api.w.org\/{rel}","templated":true}]}}