{"id":6217,"date":"2015-04-03T20:24:51","date_gmt":"2015-04-03T20:24:51","guid":{"rendered":"https:\/\/legalhighs.guru\/legal-highs-guru-critiques-de-legal-highs-critiques-dencens-a-base-de-plantes\/"},"modified":"2022-10-30T12:53:35","modified_gmt":"2022-10-30T12:53:35","slug":"principal","status":"publish","type":"page","link":"https:\/\/legalhighs.guru\/fr\/","title":{"rendered":"Legal Highs Guru &#8211; Critiques de Legal Highs, Critiques d&rsquo;encens \u00e0 base de plantes"},"content":{"rendered":"\n<p><strong>Nouvelles et critiques r\u00e9centes de Legal Highs<\/strong><\/p>\n<ul class=\"wp-block-latest-posts__list wp-block-latest-posts\"><li><a class=\"wp-block-latest-posts__post-title\" href=\"https:\/\/legalhighs.guru\/fr\/1b-lsd-review\/\">Revue 1B-LSD<\/a><div class=\"wp-block-latest-posts__post-excerpt\">J&rsquo;ai commenc\u00e9 ce voyage avec une certaine exp\u00e9rience, mais j&rsquo;ai appris tr\u00e8s rapidement qu&rsquo;aucuneexp\u00e9rience ne peut vous pr\u00e9parer \u00e0 un voyage particulier. Elles sont toujours tr\u00e8s vari\u00e9es ; je ne sais passi j&rsquo;ai d\u00e9j\u00e0 v\u00e9cu deux fois exactement la m\u00eame chose.Pour moi, c&rsquo;est toujours comme si je m&#8217;embarquais dans un voyage vif et super intense&#8230; <div class=\"clear\"><\/div><a href=\"https:\/\/legalhighs.guru\/fr\/1b-lsd-review\/\" class=\"gdlr-button with-border excerpt-read-more\">Read More<\/a><\/div><\/li>\n<li><a class=\"wp-block-latest-posts__post-title\" href=\"https:\/\/legalhighs.guru\/fr\/bromazolam\/\">Bromazolam<\/a><div class=\"wp-block-latest-posts__post-excerpt\">J&rsquo;ai pris 5 mg un jour, je ne me souviens plus o\u00f9 je les ai eus, mais j&rsquo;en avais dans une bo\u00eete de conserve.et je me suis dit que je pouvais aussi le faire. La premi\u00e8re chose que j&rsquo;ai remarqu\u00e9e, c&rsquo;est cette sensation de chaleurse propageant tout le long de mes bras et de mes&#8230; <div class=\"clear\"><\/div><a href=\"https:\/\/legalhighs.guru\/fr\/bromazolam\/\" class=\"gdlr-button with-border excerpt-read-more\">Read More<\/a><\/div><\/li>\n<li><a class=\"wp-block-latest-posts__post-title\" href=\"https:\/\/legalhighs.guru\/fr\/mxipr-review\/\">MXIPR Critique<\/a><div class=\"wp-block-latest-posts__post-excerpt\">J&rsquo;ai pris une bosse juste avant d&rsquo;aller dormir (\u00e0 cinq heures du matin), et je suis tomb\u00e9e.Je me suis endormi presque imm\u00e9diatement apr\u00e8s, et je me suis r\u00e9veill\u00e9 une heure plus tard en plein milieu d&rsquo;un \u00e9tat d&rsquo;euphorie tr\u00e8s \u00e9trange.Je ne recommanderais pas.Quoi qu&rsquo;il en soit, je me r\u00e9veille et je me sens tout de&#8230; <div class=\"clear\"><\/div><a href=\"https:\/\/legalhighs.guru\/fr\/mxipr-review\/\" class=\"gdlr-button with-border excerpt-read-more\">Read More<\/a><\/div><\/li>\n<li><a class=\"wp-block-latest-posts__post-title\" href=\"https:\/\/legalhighs.guru\/fr\/3-ho-pce-review\/\">Examen du 3-HO-PCE<\/a><div class=\"wp-block-latest-posts__post-excerpt\">Je l&rsquo;ai d\u00e9j\u00e0 fait plusieurs fois, mais j&rsquo;ai essay\u00e9 une dose un peu plus faible cette fois-ci.La derni\u00e8re fois, les effets de la s\u00e9dation avaient \u00e9t\u00e9 absolument d\u00e9sagr\u00e9ables. CommeAu point que j&rsquo;\u00e9tais agac\u00e9e de ne pas avoir envie de bouger, parce que j&rsquo;avais l&rsquo;impression d&rsquo;avoir&#8230;des choses \u00e0 faire qui ne sont pas faites.Quoi qu&rsquo;il en&#8230; <div class=\"clear\"><\/div><a href=\"https:\/\/legalhighs.guru\/fr\/3-ho-pce-review\/\" class=\"gdlr-button with-border excerpt-read-more\">Read More<\/a><\/div><\/li>\n<li><a class=\"wp-block-latest-posts__post-title\" href=\"https:\/\/legalhighs.guru\/fr\/2-mmc-experience-trip-report\/\">Rapport de voyage de l&rsquo;exp\u00e9rience 2-MMC<\/a><div class=\"wp-block-latest-posts__post-excerpt\">Fascin\u00e9 par sa renomm\u00e9e de nouveau m\u00e9dicament psychoactif, je me suis lanc\u00e9 dans une enqu\u00eate sur la 2-MMC aussi appel\u00e9e 2-M\u00e9thylm\u00e9thcathinone. Ce qui suit est un compte-rendu de mon exp\u00e9rience, qui aborde plus particuli\u00e8rement le processus, les techniques et les r\u00e9sultats. Les processus mentionn\u00e9s ici correspondent \u00e0 ma pratique et peuvent ne pas \u00eatre identiques&#8230; <div class=\"clear\"><\/div><a href=\"https:\/\/legalhighs.guru\/fr\/2-mmc-experience-trip-report\/\" class=\"gdlr-button with-border excerpt-read-more\">Read More<\/a><\/div><\/li>\n<\/ul><\/p>\n<p>Legal Highs Guru est une communaut\u00e9 unique qui se concentre sur des nouvelles pr\u00e9cises, justes et opportunes, des critiques et des articles pertinents sur la culture et l&rsquo;industrie des drogues.<\/p>\n<p>Les \u00ab\u00a0legal highs\u00a0\u00bb (nouvelles substances psychoactives), qui produisent des effets identiques ou similaires \u00e0 ceux des drogues illicites qui ne sont pas actuellement contr\u00f4l\u00e9es par la loi sur l&rsquo;usage abusif des drogues, constituent un sujet important, mais la d\u00e9sinformation est omnipr\u00e9sente, ce qui aggrave la situation et entra\u00eene des hospitalisations, des crises et m\u00eame la mort.<\/p>\n<p>Nous avons donc conceptualis\u00e9, d\u00e9velopp\u00e9 et cr\u00e9\u00e9 LHG avec pour mission principale de devenir la source privil\u00e9gi\u00e9e des personnes \u00e0 la recherche d&rsquo;informations sur les drogues et autres sujets connexes.<\/p>\n<p>Sur ce site, vous trouverez les derni\u00e8res nouvelles et les derniers articles sur la culture des drogues, les politiques gouvernementales, les tendances en mati\u00e8re de drogues, les guides, les \u00e9v\u00e9nements pertinents (au fur et \u00e0 mesure qu&rsquo;ils se d\u00e9roulent) dans l&rsquo;industrie des drogues. De temps en temps, nous pr\u00e9sentons \u00e9galement des exp\u00e9riences sp\u00e9cifiques ou des rapports de voyage sur des <a title=\"\" class=\"aalmanual\" target=\"_blank\"   style=\"color:#0c00fc;\" href=\"https:\/\/www.expresshighs.com\/fr\/boutique-de-produits-chimiques-de-recherche\/produits-chimiques-issus-de-la-recherche\">produits chimiques de recherche<\/a> et des m\u00e9langes de plantes, non pas pour approuver mais plut\u00f4t pour \u00e9clairer les gens sur la consommation de drogues et ses cons\u00e9quences et effets, entre autres.<\/p>\n<p>Nous invitons chacun \u00e0 partager sa propre exp\u00e9rience de la drogue en soumettant un avis sur une substance sp\u00e9cifique, qu&rsquo;il s&rsquo;agisse d&rsquo;un produit chimique de recherche ou d&rsquo;un encens \u00e0 base de plantes.<\/p>\n<p>Legal Highs Guru ne recommande pas les drogues, mais nous nous concentrons uniquement sur les faits que vous devez conna\u00eetre pour votre information et votre s\u00e9curit\u00e9.<\/p>\n<p><strong>Avis de non-responsabilit\u00e9<\/strong><\/p>\n<p>Les comptes rendus de voyage et les critiques sur les <a title=\"\" class=\"aalmanual\" target=\"_blank\"   style=\"color:#0c00fc;\" href=\"https:\/\/www.expresshighs.com\/fr\/boutique-de-produits-chimiques-de-recherche\">produits chimiques de recherche<\/a> et les encens \u00e0 base de plantes ne refl\u00e8tent pas les opinions des administrateurs et des propri\u00e9taires du site web, ni ne donnent de conseils m\u00e9dicaux, mais publient l&rsquo;exp\u00e9rience personnelle d&rsquo;un critique sp\u00e9cifique pour l&rsquo;information des autres.<\/p>\n<p>Dosage, il ne faut pas prendre le dosage recommand\u00e9 car il n&rsquo;y a pas deux individus qui ont la m\u00eame tol\u00e9rance aux m\u00e9dicaments. Par cons\u00e9quent, la quantit\u00e9 s\u00fbre pour l&rsquo;un peut \u00eatre mortelle pour un autre.<\/p>\n<p>Dans tous les cas, faites preuve d&rsquo;un jugement \u00e9quitable et de discernement lorsque vous d\u00e9cidez de prendre des m\u00e9dicaments. Tout est \u00e0 vos risques et p\u00e9rils. Soyez toujours conscient des cons\u00e9quences.<\/p>\n<p>Pour toute pr\u00e9occupation, question ou suggestion, n&rsquo;h\u00e9sitez pas \u00e0 nous contacter ou \u00e0 vous inscrire pour recevoir des informations sur les derni\u00e8res nouvelles et promotions.<\/p>\n","protected":false},"excerpt":{"rendered":"<p>Nouvelles et critiques r\u00e9centes de Legal Highs Legal Highs Guru est une communaut\u00e9 unique qui se concentre sur des nouvelles pr\u00e9cises, justes et opportunes, des critiques et des articles pertinents sur la culture et l&rsquo;industrie des drogues. Les \u00ab\u00a0legal highs\u00a0\u00bb (nouvelles substances psychoactives), qui produisent des effets identiques ou similaires \u00e0 ceux des drogues illicites&#8230; <\/p>\n<div class=\"clear\"><\/div>\n<p><a href=\"https:\/\/legalhighs.guru\/fr\/\" class=\"gdlr-button with-border excerpt-read-more\">Read More<\/a><\/p>\n","protected":false},"author":1,"featured_media":0,"parent":0,"menu_order":0,"comment_status":"open","ping_status":"open","template":"","meta":{"footnotes":""},"_links":{"self":[{"href":"https:\/\/legalhighs.guru\/fr\/wp-json\/wp\/v2\/pages\/6217"}],"collection":[{"href":"https:\/\/legalhighs.guru\/fr\/wp-json\/wp\/v2\/pages"}],"about":[{"href":"https:\/\/legalhighs.guru\/fr\/wp-json\/wp\/v2\/types\/page"}],"author":[{"embeddable":true,"href":"https:\/\/legalhighs.guru\/fr\/wp-json\/wp\/v2\/users\/1"}],"replies":[{"embeddable":true,"href":"https:\/\/legalhighs.guru\/fr\/wp-json\/wp\/v2\/comments?post=6217"}],"version-history":[{"count":5,"href":"https:\/\/legalhighs.guru\/fr\/wp-json\/wp\/v2\/pages\/6217\/revisions"}],"predecessor-version":[{"id":9396,"href":"https:\/\/legalhighs.guru\/fr\/wp-json\/wp\/v2\/pages\/6217\/revisions\/9396"}],"wp:attachment":[{"href":"https:\/\/legalhighs.guru\/fr\/wp-json\/wp\/v2\/media?parent=6217"}],"curies":[{"name":"wp","href":"https:\/\/api.w.org\/{rel}","templated":true}]}}